{"id":16,"date":"2020-09-08T07:23:00","date_gmt":"2020-09-08T10:23:00","guid":{"rendered":"https:\/\/wellnessfactorybrazil.com\/portal\/nutri\/home\/?page_id=16"},"modified":"2020-09-08T07:23:00","modified_gmt":"2020-09-08T10:23:00","slug":"jejum-intermitente","status":"publish","type":"page","link":"https:\/\/wellnessfactorybrazil.com\/portal\/nutri\/home\/jejum-intermitente\/","title":{"rendered":"JEJUM INTERMITENTE"},"content":{"rendered":"<p>Jejum intermitente \u00e9 uma estrat\u00e9gia alimentar que alterna os per\u00edodos de jejum com o de alimenta\u00e7\u00e3o , com o objetivo de perder peso,\u00a0 melhorar a sa\u00fade<\/p>\n<p>Em um artigo da New England Journal de Dezembro de 2019, o jejum intermitente tem in\u00fameras vantagens para a sa\u00fade : Observou-se que o nivel de insulina\u00a0 se mant\u00e9m baixo, o nivel de GH aumenta, processos de repara\u00e7\u00e3o celular ocorrem e reduz o estado inflamat\u00f3rio. O jejum intermitente melhora a obesidade, resist\u00eancia a insulina, dislipidemia, hipertens\u00e3o e inflama\u00e7\u00e3o. Em modelos animais, observou ainda redu\u00e7\u00e3o dos canceres e doen\u00e7as neurodegenerativas.<\/p>\n<p>A partir de jejum de 8 a 12 hs \u00a0os triglic\u00e9rides j\u00e1 \u00a0s\u00e3o quebrados em \u00e1cidos graxos e glicerol., permitindo que o f\u00edgado converta os \u00e1cidos graxos em corpos cet\u00f4nicos que prov\u00ea o recurso energ\u00e9tico para muitos tecidos, tais como cora\u00e7\u00e3o, m\u00fasculo, rim e c\u00e9rebro.<\/p>\n<p>Existem diversos esquemas de jejum intermitente, por isso, para cada um \u00a0deve ser adaptado de forma personalizada. Os tr\u00eas modelos mais estudados de esquema de jejum intermitente incluem jejum em dias\u00a0 alternados, duas vezes a cada semana, ou di\u00e1rio com horas de jejum pr\u00e9-determinadas. A hidrata\u00e7\u00e3o \u00e9 recomendada, sendo permitido o consumo de \u00e1gua , ch\u00e1s e caf\u00e9s sem a\u00e7ucar ou ado\u00e7ante<\/p>\n<p><strong>Para maiores informa\u00e7\u00f5es, consulte a Wellness Nutri. <\/strong><strong><em>Conhe\u00e7a mais sobre nossos servi\u00e7os\u00a0 no site: www.wellnessfactory.com.br.<\/em><\/strong><\/p>\n<p><strong><em>Siga-nos\u00a0 e se inscreva no canal You Tube e nas m\u00eddias sociais\u00a0\u00a0\u00a0\u00a0 <\/em><\/strong><\/p>\n<p><strong>Wellness Factory Brazil <\/strong><\/p>\n","protected":false},"excerpt":{"rendered":"<p>Jejum intermitente \u00e9 uma estrat\u00e9gia alimentar que alterna os per\u00edodos de jejum com o de alimenta\u00e7\u00e3o , com o objetivo de perder peso,\u00a0 melhorar a&hellip;<\/p>\n","protected":false},"author":2,"featured_media":0,"parent":0,"menu_order":0,"comment_status":"closed","ping_status":"closed","template":"","meta":{"footnotes":""},"class_list":["post-16","page","type-page","status-publish","hentry"],"_links":{"self":[{"href":"https:\/\/wellnessfactorybrazil.com\/portal\/nutri\/home\/wp-json\/wp\/v2\/pages\/16","targetHints":{"allow":["GET"]}}],"collection":[{"href":"https:\/\/wellnessfactorybrazil.com\/portal\/nutri\/home\/wp-json\/wp\/v2\/pages"}],"about":[{"href":"https:\/\/wellnessfactorybrazil.com\/portal\/nutri\/home\/wp-json\/wp\/v2\/types\/page"}],"author":[{"embeddable":true,"href":"https:\/\/wellnessfactorybrazil.com\/portal\/nutri\/home\/wp-json\/wp\/v2\/users\/2"}],"replies":[{"embeddable":true,"href":"https:\/\/wellnessfactorybrazil.com\/portal\/nutri\/home\/wp-json\/wp\/v2\/comments?post=16"}],"version-history":[{"count":3,"href":"https:\/\/wellnessfactorybrazil.com\/portal\/nutri\/home\/wp-json\/wp\/v2\/pages\/16\/revisions"}],"predecessor-version":[{"id":19,"href":"https:\/\/wellnessfactorybrazil.com\/portal\/nutri\/home\/wp-json\/wp\/v2\/pages\/16\/revisions\/19"}],"wp:attachment":[{"href":"https:\/\/wellnessfactorybrazil.com\/portal\/nutri\/home\/wp-json\/wp\/v2\/media?parent=16"}],"curies":[{"name":"wp","href":"https:\/\/api.w.org\/{rel}","templated":true}]}}