{"id":191,"date":"2020-08-08T09:49:28","date_gmt":"2020-08-08T12:49:28","guid":{"rendered":"https:\/\/wellnessfactorybrazil.com\/portal\/psico\/blog\/?page_id=191"},"modified":"2020-08-08T14:23:10","modified_gmt":"2020-08-08T17:23:10","slug":"psicoterapia-fenomenologica-existencial","status":"publish","type":"page","link":"https:\/\/wellnessfactorybrazil.com\/portal\/psico\/blog\/psicoterapia-fenomenologica-existencial\/","title":{"rendered":"Psicoterapia Fenomenol\u00f3gica-Existencial"},"content":{"rendered":"<p>&#8211; O que \u00e9 abordagem fenomenol\u00f3gica existencial?<\/p>\n<p>A terapia existencial fenomenol\u00f3gica \u00e9 uma abordagem dentro da psicologia que entende o ser humano a partir de uma vis\u00e3o positiva. Os seus fundamentos te\u00f3ricos surgem pela express\u00e3o filos\u00f3fica de\u00a0fil\u00f3sofos como Kierkegaard, Husserl,\u00a0Heidegger,\u00a0Merleau-Ponty e Sartre,\u00a0 dos psiquiatras Karl Jaspers e\u00a0 Ludwig Binswanger. Nesta abordagem,\u00a0 acredita que a pessoa atendida n\u00e3o deve ser tratada de forma passiva, mas sim a ajudando a se perceber como respons\u00e1vel por suas escolhas e protagonista de sua vida.\u00a0 A psicoterapia fenomenol\u00f3gica existencial se baseia no processo de se perceber o fen\u00f4meno tal como ele se apresenta e seus fundamentos. Para tanto existe a predisposi\u00e7\u00e3o de se retirar dos fen\u00f4menos, todo e qualquer expectativa que o observador possa ter acerca do mesmo, bem como todas as interpreta\u00e7\u00f5es, estudos e pr\u00e9-conceitos acerca do fen\u00f4meno que surge. \u00c9 possibilitar que o ser surja e mostre-se como realmente \u00e9. A TCF se concentra no diagn\u00f3stico fenomenol\u00f3gico, tendo como o principal elemento de formula\u00e7\u00e3o diagn\u00f3stica o pr\u00f3prio indiv\u00edduo.<\/p>\n<p>A psicoterapia fenomenol\u00f3gica-existencial prop\u00f5e que a compreens\u00e3o do paciente ocorra na rela\u00e7\u00e3o espec\u00edfica e concreta: terapeuta-paciente, isto \u00e9, que esteja referida \u00e0 situa\u00e7\u00e3o do atendimento, ao encontro terapeuta-paciente e \u00e0 compreens\u00e3o daquilo que aparece no existir do paciente, priorizando, assim, o entendimento do paciente a partir dele mesmo e a partir da maneira como ele vive. A proposi\u00e7\u00e3o fenomenol\u00f3gica-existencial sup\u00f5e que a atitude e a atua\u00e7\u00e3o terap\u00eautica sejam norteadas pela compreens\u00e3o do paciente na situa\u00e7\u00e3o e na rela\u00e7\u00e3o espec\u00edfica e concreta de cada atendimento. Ao mesmo tempo, esta compreens\u00e3o do paciente \u00e9 orientada pelo esclarecimento do existir humano.<\/p>\n<p style=\"text-align: left;\">Esta abordagem faz um contraponto com a psican\u00e1lise freudiana (1901) e a terapia cognitivo- comportamental (Beck -1956)\u00a0 : A primeira\u00a0 tem como uma das bases principais a no\u00e7\u00e3o do inconsciente, entendendo que as quest\u00f5es inconscientes possam influenciar ou gerar sintomas atuais.\u00a0 Uma das formas de trabalho \u00e9 atrav\u00e9s da associa\u00e7\u00e3o livre e a\u00a0 investiga\u00e7\u00e3o da natureza das rela\u00e7\u00f5es origin\u00e1rias da inf\u00e2ncia de cada indiv\u00edduo; a segunda\u00a0 teve\u00a0 como base a teoria behaviorista de Skinner e considera que o ser humano \u00e9 resultado de aprendizagens . Neste sentido, a TCC foca nos processos cognitivos, nas formas de pensamento, entendendo que os pensamentos distorcidos \u00e9 que geram os sintomas. Assim, o terapeuta busca auxiliar o cliente a fazer uma avalia\u00e7\u00e3o mais objetiva e realista das situa\u00e7\u00f5es e um treino de habilidades e de novos comportamentos, com t\u00e9cnicas direcionadas.<\/p>\n<p>&nbsp;<\/p>\n<p>&nbsp;<\/p>\n<p>&nbsp;<\/p>\n<p>Por Camila Lofrano CRP: 06\/148755<\/p>\n","protected":false},"excerpt":{"rendered":"<p>&#8211; O que \u00e9 abordagem fenomenol\u00f3gica existencial? A terapia existencial fenomenol\u00f3gica \u00e9 uma abordagem dentro da psicologia que entende o ser humano a partir de&hellip;<\/p>\n","protected":false},"author":2,"featured_media":0,"parent":0,"menu_order":0,"comment_status":"closed","ping_status":"closed","template":"","meta":{"footnotes":""},"class_list":["post-191","page","type-page","status-publish","hentry"],"yoast_head":"<!-- This site is optimized with the Yoast SEO plugin v27.2 - https:\/\/yoast.com\/product\/yoast-seo-wordpress\/ -->\n<title>Psicoterapia Fenomenol\u00f3gica-Existencial - Blog Psico<\/title>\n<meta name=\"robots\" content=\"index, follow, max-snippet:-1, max-image-preview:large, max-video-preview:-1\" \/>\n<link rel=\"canonical\" href=\"https:\/\/wellnessfactorybrazil.com\/portal\/psico\/blog\/psicoterapia-fenomenologica-existencial\/\" \/>\n<meta property=\"og:locale\" content=\"pt_BR\" \/>\n<meta property=\"og:type\" content=\"article\" \/>\n<meta property=\"og:title\" content=\"Psicoterapia Fenomenol\u00f3gica-Existencial - Blog Psico\" \/>\n<meta property=\"og:description\" content=\"&#8211; O que \u00e9 abordagem fenomenol\u00f3gica existencial? A terapia existencial fenomenol\u00f3gica \u00e9 uma abordagem dentro da psicologia que entende o ser humano a partir de&hellip;\" \/>\n<meta property=\"og:url\" content=\"https:\/\/wellnessfactorybrazil.com\/portal\/psico\/blog\/psicoterapia-fenomenologica-existencial\/\" \/>\n<meta property=\"og:site_name\" content=\"Blog Psico\" \/>\n<meta property=\"article:modified_time\" content=\"2020-08-08T17:23:10+00:00\" \/>\n<meta name=\"twitter:card\" content=\"summary_large_image\" \/>\n<meta name=\"twitter:label1\" content=\"Est. tempo de leitura\" \/>\n\t<meta name=\"twitter:data1\" content=\"2 minutos\" \/>\n<script type=\"application\/ld+json\" class=\"yoast-schema-graph\">{\"@context\":\"https:\/\/schema.org\",\"@graph\":[{\"@type\":\"WebPage\",\"@id\":\"https:\/\/wellnessfactorybrazil.com\/portal\/psico\/blog\/psicoterapia-fenomenologica-existencial\/\",\"url\":\"https:\/\/wellnessfactorybrazil.com\/portal\/psico\/blog\/psicoterapia-fenomenologica-existencial\/\",\"name\":\"Psicoterapia Fenomenol\u00f3gica-Existencial - Blog Psico\",\"isPartOf\":{\"@id\":\"https:\/\/wellnessfactorybrazil.com\/portal\/psico\/blog\/#website\"},\"datePublished\":\"2020-08-08T12:49:28+00:00\",\"dateModified\":\"2020-08-08T17:23:10+00:00\",\"breadcrumb\":{\"@id\":\"https:\/\/wellnessfactorybrazil.com\/portal\/psico\/blog\/psicoterapia-fenomenologica-existencial\/#breadcrumb\"},\"inLanguage\":\"pt-BR\",\"potentialAction\":[{\"@type\":\"ReadAction\",\"target\":[\"https:\/\/wellnessfactorybrazil.com\/portal\/psico\/blog\/psicoterapia-fenomenologica-existencial\/\"]}]},{\"@type\":\"BreadcrumbList\",\"@id\":\"https:\/\/wellnessfactorybrazil.com\/portal\/psico\/blog\/psicoterapia-fenomenologica-existencial\/#breadcrumb\",\"itemListElement\":[{\"@type\":\"ListItem\",\"position\":1,\"name\":\"In\u00edcio\",\"item\":\"https:\/\/wellnessfactorybrazil.com\/portal\/psico\/blog\/\"},{\"@type\":\"ListItem\",\"position\":2,\"name\":\"Psicoterapia Fenomenol\u00f3gica-Existencial\"}]},{\"@type\":\"WebSite\",\"@id\":\"https:\/\/wellnessfactorybrazil.com\/portal\/psico\/blog\/#website\",\"url\":\"https:\/\/wellnessfactorybrazil.com\/portal\/psico\/blog\/\",\"name\":\"Blog Psico\",\"description\":\"Blog da Psicologia\",\"publisher\":{\"@id\":\"https:\/\/wellnessfactorybrazil.com\/portal\/psico\/blog\/#organization\"},\"potentialAction\":[{\"@type\":\"SearchAction\",\"target\":{\"@type\":\"EntryPoint\",\"urlTemplate\":\"https:\/\/wellnessfactorybrazil.com\/portal\/psico\/blog\/?s={search_term_string}\"},\"query-input\":{\"@type\":\"PropertyValueSpecification\",\"valueRequired\":true,\"valueName\":\"search_term_string\"}}],\"inLanguage\":\"pt-BR\"},{\"@type\":\"Organization\",\"@id\":\"https:\/\/wellnessfactorybrazil.com\/portal\/psico\/blog\/#organization\",\"name\":\"Blog Psico\",\"url\":\"https:\/\/wellnessfactorybrazil.com\/portal\/psico\/blog\/\",\"logo\":{\"@type\":\"ImageObject\",\"inLanguage\":\"pt-BR\",\"@id\":\"https:\/\/wellnessfactorybrazil.com\/portal\/psico\/blog\/#\/schema\/logo\/image\/\",\"url\":\"https:\/\/wellnessfactorybrazil.com\/portal\/psico\/blog\/wp-content\/uploads\/2020\/07\/wellness_Psico_transparent.fw_.png\",\"contentUrl\":\"https:\/\/wellnessfactorybrazil.com\/portal\/psico\/blog\/wp-content\/uploads\/2020\/07\/wellness_Psico_transparent.fw_.png\",\"width\":1000,\"height\":800,\"caption\":\"Blog Psico\"},\"image\":{\"@id\":\"https:\/\/wellnessfactorybrazil.com\/portal\/psico\/blog\/#\/schema\/logo\/image\/\"}}]}<\/script>\n<!-- \/ Yoast SEO plugin. -->","yoast_head_json":{"title":"Psicoterapia Fenomenol\u00f3gica-Existencial - Blog Psico","robots":{"index":"index","follow":"follow","max-snippet":"max-snippet:-1","max-image-preview":"max-image-preview:large","max-video-preview":"max-video-preview:-1"},"canonical":"https:\/\/wellnessfactorybrazil.com\/portal\/psico\/blog\/psicoterapia-fenomenologica-existencial\/","og_locale":"pt_BR","og_type":"article","og_title":"Psicoterapia Fenomenol\u00f3gica-Existencial - Blog Psico","og_description":"&#8211; O que \u00e9 abordagem fenomenol\u00f3gica existencial? A terapia existencial fenomenol\u00f3gica \u00e9 uma abordagem dentro da psicologia que entende o ser humano a partir de&hellip;","og_url":"https:\/\/wellnessfactorybrazil.com\/portal\/psico\/blog\/psicoterapia-fenomenologica-existencial\/","og_site_name":"Blog Psico","article_modified_time":"2020-08-08T17:23:10+00:00","twitter_card":"summary_large_image","twitter_misc":{"Est. tempo de leitura":"2 minutos"},"schema":{"@context":"https:\/\/schema.org","@graph":[{"@type":"WebPage","@id":"https:\/\/wellnessfactorybrazil.com\/portal\/psico\/blog\/psicoterapia-fenomenologica-existencial\/","url":"https:\/\/wellnessfactorybrazil.com\/portal\/psico\/blog\/psicoterapia-fenomenologica-existencial\/","name":"Psicoterapia Fenomenol\u00f3gica-Existencial - Blog Psico","isPartOf":{"@id":"https:\/\/wellnessfactorybrazil.com\/portal\/psico\/blog\/#website"},"datePublished":"2020-08-08T12:49:28+00:00","dateModified":"2020-08-08T17:23:10+00:00","breadcrumb":{"@id":"https:\/\/wellnessfactorybrazil.com\/portal\/psico\/blog\/psicoterapia-fenomenologica-existencial\/#breadcrumb"},"inLanguage":"pt-BR","potentialAction":[{"@type":"ReadAction","target":["https:\/\/wellnessfactorybrazil.com\/portal\/psico\/blog\/psicoterapia-fenomenologica-existencial\/"]}]},{"@type":"BreadcrumbList","@id":"https:\/\/wellnessfactorybrazil.com\/portal\/psico\/blog\/psicoterapia-fenomenologica-existencial\/#breadcrumb","itemListElement":[{"@type":"ListItem","position":1,"name":"In\u00edcio","item":"https:\/\/wellnessfactorybrazil.com\/portal\/psico\/blog\/"},{"@type":"ListItem","position":2,"name":"Psicoterapia Fenomenol\u00f3gica-Existencial"}]},{"@type":"WebSite","@id":"https:\/\/wellnessfactorybrazil.com\/portal\/psico\/blog\/#website","url":"https:\/\/wellnessfactorybrazil.com\/portal\/psico\/blog\/","name":"Blog Psico","description":"Blog da Psicologia","publisher":{"@id":"https:\/\/wellnessfactorybrazil.com\/portal\/psico\/blog\/#organization"},"potentialAction":[{"@type":"SearchAction","target":{"@type":"EntryPoint","urlTemplate":"https:\/\/wellnessfactorybrazil.com\/portal\/psico\/blog\/?s={search_term_string}"},"query-input":{"@type":"PropertyValueSpecification","valueRequired":true,"valueName":"search_term_string"}}],"inLanguage":"pt-BR"},{"@type":"Organization","@id":"https:\/\/wellnessfactorybrazil.com\/portal\/psico\/blog\/#organization","name":"Blog Psico","url":"https:\/\/wellnessfactorybrazil.com\/portal\/psico\/blog\/","logo":{"@type":"ImageObject","inLanguage":"pt-BR","@id":"https:\/\/wellnessfactorybrazil.com\/portal\/psico\/blog\/#\/schema\/logo\/image\/","url":"https:\/\/wellnessfactorybrazil.com\/portal\/psico\/blog\/wp-content\/uploads\/2020\/07\/wellness_Psico_transparent.fw_.png","contentUrl":"https:\/\/wellnessfactorybrazil.com\/portal\/psico\/blog\/wp-content\/uploads\/2020\/07\/wellness_Psico_transparent.fw_.png","width":1000,"height":800,"caption":"Blog Psico"},"image":{"@id":"https:\/\/wellnessfactorybrazil.com\/portal\/psico\/blog\/#\/schema\/logo\/image\/"}}]}},"_links":{"self":[{"href":"https:\/\/wellnessfactorybrazil.com\/portal\/psico\/blog\/wp-json\/wp\/v2\/pages\/191","targetHints":{"allow":["GET"]}}],"collection":[{"href":"https:\/\/wellnessfactorybrazil.com\/portal\/psico\/blog\/wp-json\/wp\/v2\/pages"}],"about":[{"href":"https:\/\/wellnessfactorybrazil.com\/portal\/psico\/blog\/wp-json\/wp\/v2\/types\/page"}],"author":[{"embeddable":true,"href":"https:\/\/wellnessfactorybrazil.com\/portal\/psico\/blog\/wp-json\/wp\/v2\/users\/2"}],"replies":[{"embeddable":true,"href":"https:\/\/wellnessfactorybrazil.com\/portal\/psico\/blog\/wp-json\/wp\/v2\/comments?post=191"}],"version-history":[{"count":3,"href":"https:\/\/wellnessfactorybrazil.com\/portal\/psico\/blog\/wp-json\/wp\/v2\/pages\/191\/revisions"}],"predecessor-version":[{"id":253,"href":"https:\/\/wellnessfactorybrazil.com\/portal\/psico\/blog\/wp-json\/wp\/v2\/pages\/191\/revisions\/253"}],"wp:attachment":[{"href":"https:\/\/wellnessfactorybrazil.com\/portal\/psico\/blog\/wp-json\/wp\/v2\/media?parent=191"}],"curies":[{"name":"wp","href":"https:\/\/api.w.org\/{rel}","templated":true}]}}