{"id":193,"date":"2020-08-08T15:04:34","date_gmt":"2020-08-08T18:04:34","guid":{"rendered":"https:\/\/wellnessfactorybrazil.com\/portal\/psico\/blog\/?page_id=193"},"modified":"2020-08-08T15:04:34","modified_gmt":"2020-08-08T18:04:34","slug":"suicidio-em-adolescentes","status":"publish","type":"page","link":"https:\/\/wellnessfactorybrazil.com\/portal\/psico\/blog\/suicidio-em-adolescentes\/","title":{"rendered":"Suic\u00eddio em Adolescentes"},"content":{"rendered":"<p style=\"text-align: justify;\">A idea\u00e7\u00e3o suicida \u00e9 comum na idade escolar e na adolesc\u00eancia; as tentativas, por\u00e9m, s\u00e3o raras em crian\u00e7as pequenas. Tentativas de suic\u00eddio consumado aumentam com a idade, tornando-se comuns durante a adolesc\u00eancia. At\u00e9 os 6 a 7 anos a crian\u00e7a encontra-se na fase do pensamento pr\u00e9-l\u00f3gico, com predom\u00ednio do pensamento m\u00e1gico, com dificuldade de simbolizar e conceituar o que lhe chega sob forma de percep\u00e7\u00e3o. Aos 11 a 12 anos, h\u00e1 passagem do pensamento concreto para o pensamento abstrato, Est\u00e1gio das Opera\u00e7\u00f5es Formais. O jovem entra no mundo atrav\u00e9s de profundas altera\u00e7\u00f5es no seu corpo, deixando para tr\u00e1s a inf\u00e2ncia e \u00e9 lan\u00e7ado num mundo desconhecido de novas rela\u00e7\u00f5es com os pais, com o grupo de iguais e com o mundo.<\/p>\n<p style=\"text-align: justify;\">Segundo o Conselho Federal de Medicina e a Associa\u00e7\u00e3o Brasileira de Psiquiatria, \u201cfalar com algu\u00e9m sobre o assunto pode aliviar a ang\u00fastia e a tens\u00e3o\u201d que pensamentos suicidas costumam trazer. Segundo a Organiza\u00e7\u00e3o Mundial da Sa\u00fade (OMS), 90% dos suic\u00eddios que acontecem no mundo podem ser prevenidos com uma rede de apoio em torno da v\u00edtima. A organiza\u00e7\u00e3o considera o suic\u00eddio como uma prioridade de sa\u00fade p\u00fablica, j\u00e1 que \u00e9 a segunda principal causa de morte entre jovens de 15 a 29 anos. A OMS cita seis medidas que podem ser tomadas para diminuir os casos, entre elas: redu\u00e7\u00e3o de acesso aos meios utilizados para cometer suic\u00eddio (pesticidas, armas de fogo e determinadas medica\u00e7\u00f5es, por exemplo), introdu\u00e7\u00e3o de pol\u00edticas para reduzir o uso nocivo do \u00e1lcool e forma\u00e7\u00e3o de trabalhadores n\u00e3o especializados em avalia\u00e7\u00e3o e gerenciamento de comportamentos suicidas.<\/p>\n<p><strong>Fatores de risco:<\/strong><\/p>\n<p>1 \u2013 Desesperan\u00e7a.<\/p>\n<p>2 &#8211; Menor potencial para gera\u00e7\u00e3o de solu\u00e7\u00f5es alternativas para situa\u00e7\u00f5es problem\u00e1ticas interpessoais e menor flexibilidade para enfrentar situa\u00e7\u00f5es problem\u00e1ticas.<\/p>\n<p>3 &#8211; Estilo de atribui\u00e7\u00e3o disfuncional (considerar eventos negativos como de sua responsabilidade, duradouros ou de impacto sobre todos os aspectos de sua vida) &#8211; frequente associa\u00e7\u00e3o com quadros depressivos de longa evolu\u00e7\u00e3o.<\/p>\n<p>4 \u2013 Impulsividade, Viol\u00eancia F\u00edsica e Sexual. Fatores Socioculturais: sucesso escolar (cobran\u00e7a dos pais), mudan\u00e7as sociais abruptas, acesso f\u00e1cil a armas de fogo.<\/p>\n<p>&nbsp;<\/p>\n<p><strong>Abordagem e condu\u00e7\u00e3o :<br \/>\n<\/strong><\/p>\n<ul>\n<li>Todas as amea\u00e7as de suic\u00eddio devem ser encaradas com seriedade, mesmo quando possam parecer falsas ou manipulativas.<\/li>\n<li>Ajudar o cliente a avaliar a situa\u00e7\u00e3o, permitindo que ele descubra novas solu\u00e7\u00f5es para seu sofrimento, explorar com ele tais solu\u00e7\u00f5es e orient\u00e1-lo em dire\u00e7\u00e3o a uma a\u00e7\u00e3o concreta.<\/li>\n<li>Procurar compreender as raz\u00f5es pela qual a crian\u00e7a ou adolescente optou pelo suic\u00eddio como forma de lidar com seu sofrimento, n\u00e3o minimizando seus problemas e sofrimento.<\/li>\n<li>Transmitir esperan\u00e7a sem dar falsas garantias e n\u00e3o fazer promessas que n\u00e3o possam ser cumpridas.<\/li>\n<li>Romper o isolamento em que vive o jovem e abord\u00e1-lo diretamente.<\/li>\n<li>Expressar disponibilidade de escut\u00e1-lo sem julgamento, evitar insultos, culpabiliza\u00e7\u00e3o ou repreens\u00f5es morais.<\/li>\n<li>Reconhecer a legitimidade do problema e trat\u00e1-lo como adulto.<\/li>\n<li>Avaliar a urg\u00eancia do caso, verificar se as ideias de suic\u00eddio s\u00e3o frequentes e se o jovem apresenta meios para execut\u00e1-lo.<\/li>\n<li>N\u00e3o deixar o cliente sozinho at\u00e9 que as provid\u00eancias sejam tomadas..<\/li>\n<li>Desmentir o mito de que os adultos n\u00e3o podem mais ajud\u00e1-lo.<\/li>\n<li>Envolver a fam\u00edlia.<\/li>\n<\/ul>\n<p>&nbsp;<\/p>\n<p>&nbsp;<\/p>\n<p>Por Camila Lofrano CRP: 06\/148755<\/p>\n","protected":false},"excerpt":{"rendered":"<p>A idea\u00e7\u00e3o suicida \u00e9 comum na idade escolar e na adolesc\u00eancia; as tentativas, por\u00e9m, s\u00e3o raras em crian\u00e7as pequenas. Tentativas de suic\u00eddio consumado aumentam com&hellip;<\/p>\n","protected":false},"author":2,"featured_media":0,"parent":0,"menu_order":0,"comment_status":"closed","ping_status":"closed","template":"","meta":{"footnotes":""},"class_list":["post-193","page","type-page","status-publish","hentry"],"yoast_head":"<!-- This site is optimized with the Yoast SEO plugin v27.2 - https:\/\/yoast.com\/product\/yoast-seo-wordpress\/ -->\n<title>Suic\u00eddio em Adolescentes - Blog Psico<\/title>\n<meta name=\"robots\" content=\"index, follow, max-snippet:-1, max-image-preview:large, max-video-preview:-1\" \/>\n<link rel=\"canonical\" href=\"https:\/\/wellnessfactorybrazil.com\/portal\/psico\/blog\/suicidio-em-adolescentes\/\" \/>\n<meta property=\"og:locale\" content=\"pt_BR\" \/>\n<meta property=\"og:type\" content=\"article\" \/>\n<meta property=\"og:title\" content=\"Suic\u00eddio em Adolescentes - Blog Psico\" \/>\n<meta property=\"og:description\" content=\"A idea\u00e7\u00e3o suicida \u00e9 comum na idade escolar e na adolesc\u00eancia; as tentativas, por\u00e9m, s\u00e3o raras em crian\u00e7as pequenas. Tentativas de suic\u00eddio consumado aumentam com&hellip;\" \/>\n<meta property=\"og:url\" content=\"https:\/\/wellnessfactorybrazil.com\/portal\/psico\/blog\/suicidio-em-adolescentes\/\" \/>\n<meta property=\"og:site_name\" content=\"Blog Psico\" \/>\n<meta name=\"twitter:card\" content=\"summary_large_image\" \/>\n<meta name=\"twitter:label1\" content=\"Est. tempo de leitura\" \/>\n\t<meta name=\"twitter:data1\" content=\"3 minutos\" \/>\n<script type=\"application\/ld+json\" class=\"yoast-schema-graph\">{\"@context\":\"https:\/\/schema.org\",\"@graph\":[{\"@type\":\"WebPage\",\"@id\":\"https:\/\/wellnessfactorybrazil.com\/portal\/psico\/blog\/suicidio-em-adolescentes\/\",\"url\":\"https:\/\/wellnessfactorybrazil.com\/portal\/psico\/blog\/suicidio-em-adolescentes\/\",\"name\":\"Suic\u00eddio em Adolescentes - Blog Psico\",\"isPartOf\":{\"@id\":\"https:\/\/wellnessfactorybrazil.com\/portal\/psico\/blog\/#website\"},\"datePublished\":\"2020-08-08T18:04:34+00:00\",\"breadcrumb\":{\"@id\":\"https:\/\/wellnessfactorybrazil.com\/portal\/psico\/blog\/suicidio-em-adolescentes\/#breadcrumb\"},\"inLanguage\":\"pt-BR\",\"potentialAction\":[{\"@type\":\"ReadAction\",\"target\":[\"https:\/\/wellnessfactorybrazil.com\/portal\/psico\/blog\/suicidio-em-adolescentes\/\"]}]},{\"@type\":\"BreadcrumbList\",\"@id\":\"https:\/\/wellnessfactorybrazil.com\/portal\/psico\/blog\/suicidio-em-adolescentes\/#breadcrumb\",\"itemListElement\":[{\"@type\":\"ListItem\",\"position\":1,\"name\":\"In\u00edcio\",\"item\":\"https:\/\/wellnessfactorybrazil.com\/portal\/psico\/blog\/\"},{\"@type\":\"ListItem\",\"position\":2,\"name\":\"Suic\u00eddio em Adolescentes\"}]},{\"@type\":\"WebSite\",\"@id\":\"https:\/\/wellnessfactorybrazil.com\/portal\/psico\/blog\/#website\",\"url\":\"https:\/\/wellnessfactorybrazil.com\/portal\/psico\/blog\/\",\"name\":\"Blog Psico\",\"description\":\"Blog da Psicologia\",\"publisher\":{\"@id\":\"https:\/\/wellnessfactorybrazil.com\/portal\/psico\/blog\/#organization\"},\"potentialAction\":[{\"@type\":\"SearchAction\",\"target\":{\"@type\":\"EntryPoint\",\"urlTemplate\":\"https:\/\/wellnessfactorybrazil.com\/portal\/psico\/blog\/?s={search_term_string}\"},\"query-input\":{\"@type\":\"PropertyValueSpecification\",\"valueRequired\":true,\"valueName\":\"search_term_string\"}}],\"inLanguage\":\"pt-BR\"},{\"@type\":\"Organization\",\"@id\":\"https:\/\/wellnessfactorybrazil.com\/portal\/psico\/blog\/#organization\",\"name\":\"Blog Psico\",\"url\":\"https:\/\/wellnessfactorybrazil.com\/portal\/psico\/blog\/\",\"logo\":{\"@type\":\"ImageObject\",\"inLanguage\":\"pt-BR\",\"@id\":\"https:\/\/wellnessfactorybrazil.com\/portal\/psico\/blog\/#\/schema\/logo\/image\/\",\"url\":\"https:\/\/wellnessfactorybrazil.com\/portal\/psico\/blog\/wp-content\/uploads\/2020\/07\/wellness_Psico_transparent.fw_.png\",\"contentUrl\":\"https:\/\/wellnessfactorybrazil.com\/portal\/psico\/blog\/wp-content\/uploads\/2020\/07\/wellness_Psico_transparent.fw_.png\",\"width\":1000,\"height\":800,\"caption\":\"Blog Psico\"},\"image\":{\"@id\":\"https:\/\/wellnessfactorybrazil.com\/portal\/psico\/blog\/#\/schema\/logo\/image\/\"}}]}<\/script>\n<!-- \/ Yoast SEO plugin. -->","yoast_head_json":{"title":"Suic\u00eddio em Adolescentes - Blog Psico","robots":{"index":"index","follow":"follow","max-snippet":"max-snippet:-1","max-image-preview":"max-image-preview:large","max-video-preview":"max-video-preview:-1"},"canonical":"https:\/\/wellnessfactorybrazil.com\/portal\/psico\/blog\/suicidio-em-adolescentes\/","og_locale":"pt_BR","og_type":"article","og_title":"Suic\u00eddio em Adolescentes - Blog Psico","og_description":"A idea\u00e7\u00e3o suicida \u00e9 comum na idade escolar e na adolesc\u00eancia; as tentativas, por\u00e9m, s\u00e3o raras em crian\u00e7as pequenas. Tentativas de suic\u00eddio consumado aumentam com&hellip;","og_url":"https:\/\/wellnessfactorybrazil.com\/portal\/psico\/blog\/suicidio-em-adolescentes\/","og_site_name":"Blog Psico","twitter_card":"summary_large_image","twitter_misc":{"Est. tempo de leitura":"3 minutos"},"schema":{"@context":"https:\/\/schema.org","@graph":[{"@type":"WebPage","@id":"https:\/\/wellnessfactorybrazil.com\/portal\/psico\/blog\/suicidio-em-adolescentes\/","url":"https:\/\/wellnessfactorybrazil.com\/portal\/psico\/blog\/suicidio-em-adolescentes\/","name":"Suic\u00eddio em Adolescentes - Blog Psico","isPartOf":{"@id":"https:\/\/wellnessfactorybrazil.com\/portal\/psico\/blog\/#website"},"datePublished":"2020-08-08T18:04:34+00:00","breadcrumb":{"@id":"https:\/\/wellnessfactorybrazil.com\/portal\/psico\/blog\/suicidio-em-adolescentes\/#breadcrumb"},"inLanguage":"pt-BR","potentialAction":[{"@type":"ReadAction","target":["https:\/\/wellnessfactorybrazil.com\/portal\/psico\/blog\/suicidio-em-adolescentes\/"]}]},{"@type":"BreadcrumbList","@id":"https:\/\/wellnessfactorybrazil.com\/portal\/psico\/blog\/suicidio-em-adolescentes\/#breadcrumb","itemListElement":[{"@type":"ListItem","position":1,"name":"In\u00edcio","item":"https:\/\/wellnessfactorybrazil.com\/portal\/psico\/blog\/"},{"@type":"ListItem","position":2,"name":"Suic\u00eddio em Adolescentes"}]},{"@type":"WebSite","@id":"https:\/\/wellnessfactorybrazil.com\/portal\/psico\/blog\/#website","url":"https:\/\/wellnessfactorybrazil.com\/portal\/psico\/blog\/","name":"Blog Psico","description":"Blog da Psicologia","publisher":{"@id":"https:\/\/wellnessfactorybrazil.com\/portal\/psico\/blog\/#organization"},"potentialAction":[{"@type":"SearchAction","target":{"@type":"EntryPoint","urlTemplate":"https:\/\/wellnessfactorybrazil.com\/portal\/psico\/blog\/?s={search_term_string}"},"query-input":{"@type":"PropertyValueSpecification","valueRequired":true,"valueName":"search_term_string"}}],"inLanguage":"pt-BR"},{"@type":"Organization","@id":"https:\/\/wellnessfactorybrazil.com\/portal\/psico\/blog\/#organization","name":"Blog Psico","url":"https:\/\/wellnessfactorybrazil.com\/portal\/psico\/blog\/","logo":{"@type":"ImageObject","inLanguage":"pt-BR","@id":"https:\/\/wellnessfactorybrazil.com\/portal\/psico\/blog\/#\/schema\/logo\/image\/","url":"https:\/\/wellnessfactorybrazil.com\/portal\/psico\/blog\/wp-content\/uploads\/2020\/07\/wellness_Psico_transparent.fw_.png","contentUrl":"https:\/\/wellnessfactorybrazil.com\/portal\/psico\/blog\/wp-content\/uploads\/2020\/07\/wellness_Psico_transparent.fw_.png","width":1000,"height":800,"caption":"Blog Psico"},"image":{"@id":"https:\/\/wellnessfactorybrazil.com\/portal\/psico\/blog\/#\/schema\/logo\/image\/"}}]}},"_links":{"self":[{"href":"https:\/\/wellnessfactorybrazil.com\/portal\/psico\/blog\/wp-json\/wp\/v2\/pages\/193","targetHints":{"allow":["GET"]}}],"collection":[{"href":"https:\/\/wellnessfactorybrazil.com\/portal\/psico\/blog\/wp-json\/wp\/v2\/pages"}],"about":[{"href":"https:\/\/wellnessfactorybrazil.com\/portal\/psico\/blog\/wp-json\/wp\/v2\/types\/page"}],"author":[{"embeddable":true,"href":"https:\/\/wellnessfactorybrazil.com\/portal\/psico\/blog\/wp-json\/wp\/v2\/users\/2"}],"replies":[{"embeddable":true,"href":"https:\/\/wellnessfactorybrazil.com\/portal\/psico\/blog\/wp-json\/wp\/v2\/comments?post=193"}],"version-history":[{"count":2,"href":"https:\/\/wellnessfactorybrazil.com\/portal\/psico\/blog\/wp-json\/wp\/v2\/pages\/193\/revisions"}],"predecessor-version":[{"id":265,"href":"https:\/\/wellnessfactorybrazil.com\/portal\/psico\/blog\/wp-json\/wp\/v2\/pages\/193\/revisions\/265"}],"wp:attachment":[{"href":"https:\/\/wellnessfactorybrazil.com\/portal\/psico\/blog\/wp-json\/wp\/v2\/media?parent=193"}],"curies":[{"name":"wp","href":"https:\/\/api.w.org\/{rel}","templated":true}]}}